{"id":102,"date":"2024-11-10T23:42:31","date_gmt":"2024-11-10T22:42:31","guid":{"rendered":"https:\/\/goodsign.fr\/?page_id=102"},"modified":"2026-04-02T09:28:24","modified_gmt":"2026-04-02T07:28:24","slug":"direction-artistique","status":"publish","type":"page","link":"https:\/\/goodsign.fr\/","title":{"rendered":"\u00c0 propos"},"content":{"rendered":"\n<div class=\"wp-block-gutenbergp5-p5js gutenbergp5-align-center\"><iframe srcdoc=\"\n        <!DOCTYPE html&gt;\n        <html&gt;\n            <body style=&quot;padding: 0; margin: 0;&quot;&gt;<\/body&gt;\n            <script src=&quot;https:\/\/goodsign.fr\/wp-content\/plugins\/easy-p5-js-block\/\/assets\/js\/p5.min.js&quot;&gt;<\/script&gt;\n            <script&gt;\n                function setup() \n{\n  createCanvas(1000, 1000);\n}\n\nfunction draw() {\n  \n  stroke(&quot;#E91E63&quot;);\n  strokeWeight(1);\n  noFill();\n \n \n  \/\/if (mouseIsPressed == true)\n  {\n   \n    \n    triangle(mouseX,mouseY,200,250,300,150);\n  }\n  }\n  \n  function keyPressed()\n  {\n    save(&quot;Mon super sketch.png&quot;);\n    background(0);\n  }\n  \n\n\n            <\/script&gt;\n        <\/html&gt;\" sandbox=\"allow-scripts allow-same-origin\" scrolling=\"no\" style=\"width:1000px;height:1000px;overflow:hidden;\" width=\"1000px\" height=\"1000px\" class=\"gutenbergp5-noresize\" title=\"p5.js canvas\"><\/iframe><\/div>\n\n\n\n<div class=\"wp-block-group wwwowsmfstrue is-layout-constrained wp-block-group-is-layout-constrained\" style=\"margin-top:0;margin-bottom:0\">\n<div class=\"wp-block-columns is-layout-flex wp-container-core-columns-is-layout-28f84493 wp-block-columns-is-layout-flex\">\n<div class=\"wp-block-column is-layout-flow wp-block-column-is-layout-flow\">\n<figure class=\"wp-block-image size-large\" style=\"margin-top:var(--wp--preset--spacing--60);margin-bottom:var(--wp--preset--spacing--30)\"><img loading=\"lazy\" decoding=\"async\" width=\"1024\" height=\"850\" src=\"http:\/\/goodsign.fr\/wp-content\/uploads\/2024\/11\/PRELIGHT_0139-1024x850.png\" alt=\"\" class=\"wp-image-448\" srcset=\"https:\/\/goodsign.fr\/wp-content\/uploads\/2024\/11\/PRELIGHT_0139-1024x850.png 1024w, https:\/\/goodsign.fr\/wp-content\/uploads\/2024\/11\/PRELIGHT_0139-300x249.png 300w, https:\/\/goodsign.fr\/wp-content\/uploads\/2024\/11\/PRELIGHT_0139-768x638.png 768w, https:\/\/goodsign.fr\/wp-content\/uploads\/2024\/11\/PRELIGHT_0139-1536x1275.png 1536w, https:\/\/goodsign.fr\/wp-content\/uploads\/2024\/11\/PRELIGHT_0139-2048x1700.png 2048w\" sizes=\"auto, (max-width: 1024px) 100vw, 1024px\" \/><\/figure>\n<\/div>\n\n\n\n<div class=\"wp-block-column is-layout-flow wp-block-column-is-layout-flow\" style=\"padding-top:var(--wp--preset--spacing--50);padding-bottom:var(--wp--preset--spacing--30)\">\n<p class=\"has-text-align-left has-black-color has-text-color has-link-color wp-elements-5950ac044fc7736c5f8c9f483a08d95f\" style=\"margin-bottom:0;font-size:36px\"><strong>\u00c0 PROPOS<\/strong><\/p>\n\n\n\n<p class=\"has-text-align-left has-black-color has-text-color has-link-color wp-elements-770cd8331f8db1676d9e2763d8b697c9\" style=\"font-size:13px\">Avec un insatiable app\u00e9tit pour l\u2019image de marque : le comestible, le textile, le design d\u2019objet, le packaging, l&rsquo;espace (s)\u2026, je cherche le sens, les signes et les symboles.<\/p>\n\n\n\n<p class=\"has-text-align-left has-black-color has-text-color has-link-color wp-elements-cac572813a3c2310d96900bdfd2046ca\" style=\"font-size:13px\">L&rsquo;esprit toujours ouvert et une grande app\u00e9tence pour la nouveaut\u00e9, je favorise la diversit\u00e9 et le changement en concordance avec les codes pr\u00e9existants.<\/p>\n\n\n\n<p class=\"has-text-align-left has-black-color has-text-color has-link-color wp-elements-2e6d850552377868d9a6e267ad1ec186\" style=\"font-size:13px\">Force de propositions cr\u00e9atives, je fais preuve d\u2019agilit\u00e9 dans mes actes, j&rsquo;encourage le pas de c\u00f4t\u00e9, le regard d\u00e9cal\u00e9 et incarne le droit \u00e0 l\u2019erreur pour oser faire autrement.<\/p>\n\n\n\n<p class=\"has-text-align-left has-black-color has-text-color has-link-color wp-elements-7546edfb6c8719aa574c02499c3ebf65\" style=\"font-size:13px\">En quelques mots : <\/p>\n\n\n\n<ul class=\"wp-block-list\">\n<li style=\"font-size:16px\"><strong>\u00c9coute<\/strong><\/li>\n\n\n\n<li style=\"font-size:16px\"><strong>Rebond<\/strong><\/li>\n\n\n\n<li style=\"font-size:16px\"><strong>\u00c9change<\/strong><\/li>\n\n\n\n<li style=\"font-size:16px\"><strong>Prise de d\u00e9cisions<\/strong><\/li>\n<\/ul>\n<\/div>\n<\/div>\n\n\n\n<hr class=\"wp-block-separator has-alpha-channel-opacity is-style-wide\"\/>\n\n\n\n<div class=\"wp-block-columns is-layout-flex wp-container-core-columns-is-layout-28f84493 wp-block-columns-is-layout-flex\">\n<div class=\"wp-block-column is-layout-flow wp-block-column-is-layout-flow\" style=\"padding-top:0\">\n<div class=\"wp-block-group is-layout-constrained wp-container-core-group-is-layout-c0fbc0b4 wp-block-group-is-layout-constrained\" style=\"margin-top:0;margin-bottom:0;padding-top:0vw;padding-right:2vw;padding-bottom:2vw;padding-left:2vw\">\n<h2 class=\"wp-block-heading alignwide has-text-align-left animated fadeInDown has-large-font-size\" style=\"margin-bottom:0%;margin-left:0;text-transform:uppercase\">COMP\u00c9TENCES M\u00c9TIER<\/h2>\n\n\n\n<ul class=\"wp-block-list\">\n<li style=\"font-size:12px\"><strong>Concevoir et d\u00e9ployer<\/strong> des campagnes de communication<\/li>\n\n\n\n<li style=\"font-size:12px\"><strong>Veiller :<\/strong> benchmark et d\u00e9velopper une dynamique cr\u00e9ative<\/li>\n\n\n\n<li style=\"font-size:12px\"><strong>Penser<\/strong> \u00e0 la viabilit\u00e9 et \u00e0 la p\u00e9rennit\u00e9 d&rsquo;identit\u00e9 visuelle<\/li>\n\n\n\n<li style=\"font-size:12px\"><strong>Garantir<\/strong> le respect d&rsquo;identit\u00e9 de marque<\/li>\n\n\n\n<li style=\"font-size:12px\"><strong>Choisir<\/strong> les bons cadrages et ma\u00eetriser le processus et la s\u00e9lection de visuels<\/li>\n\n\n\n<li style=\"font-size:12px\"><strong>Faire preuve<\/strong> d&rsquo;adresse pour l&rsquo;illustration, le montage photographique et la retouche de visuels<\/li>\n\n\n\n<li style=\"font-size:12px\"><strong>Prendre en compte<\/strong> les contraintes li\u00e9es \u00e0 la production d\u2019un shooting photo<\/li>\n<\/ul>\n\n\n\n<hr class=\"wp-block-separator has-alpha-channel-opacity is-style-wide\"\/>\n\n\n\n<div class=\"wp-block-columns is-layout-flex wp-container-core-columns-is-layout-28f84493 wp-block-columns-is-layout-flex\">\n<div class=\"wp-block-column is-layout-flow wp-block-column-is-layout-flow\">\n<h2 class=\"wp-block-heading alignwide has-text-align-left animated fadeInDown barbel-stroke has-black-color has-text-color has-link-color has-large-font-size wp-elements-a6fd567a0873f19d8dd942a68d7e4eea\" style=\"margin-top:0vh;margin-bottom:2vw;margin-left:0;text-transform:uppercase\">COMP\u00c9TENCES TECHNIQUES <\/h2>\n\n\n\n<ul class=\"wp-block-list animated fadeInDown has-medium-font-size\">\n<li style=\"font-size:12px\"><strong>Ma\u00eetrise de la cha\u00eene graphique et des outils de conception graphique<\/strong><\/li>\n\n\n\n<li style=\"font-size:12px\"><strong>Adobe : Illustrator, Indesign, Photoshop,<\/strong> Acrobat, Bridge, XD<\/li>\n\n\n\n<li style=\"font-size:12px\"><strong>Outils de pr\u00e9sentation : <\/strong>Keynote, PowerPoint, Google slides ou Canvas<\/li>\n\n\n\n<li style=\"font-size:12px\"><strong>Outils web et motion : <\/strong>Figma, WordPress, PrestaShop, After effects<\/li>\n<\/ul>\n<\/div>\n<\/div>\n\n\n\n<hr class=\"wp-block-separator has-alpha-channel-opacity is-style-wide\"\/>\n\n\n\n<h2 class=\"wp-block-heading alignwide has-text-align-left animated fadeInDown has-large-font-size\" style=\"margin-top:3%;margin-bottom:0%;margin-left:0;text-transform:uppercase\">APTITUDES RELATIONNELLES<\/h2>\n\n\n\n<ul class=\"wp-block-list\">\n<li style=\"font-size:12px\">Excellent relationnel avec les \u00e9quipes de production et intervenants externes<\/li>\n\n\n\n<li style=\"font-size:12px\">Esprit collaboratif pour travailler avec les \u00e9quipes : vid\u00e9o, merchandising ou marketing\u2026<\/li>\n\n\n\n<li style=\"font-size:12px\">Aisance relationnelle, encadrement d&rsquo;\u00e9quipe (workshops, encadrement d&rsquo;\u00e9tudiants)<\/li>\n\n\n\n<li style=\"font-size:12px\">\u00c9nergie et agilit\u00e9 pour porter une \u00e9quipe en mode projet (digital, print, shooting\u2026)<\/li>\n<\/ul>\n<\/div>\n<\/div>\n<\/div>\n<\/div>\n\n\n\n<hr class=\"wp-block-separator alignfull has-alpha-channel-opacity is-style-wide\" style=\"margin-top:0px;margin-bottom:0px\"\/>\n\n\n\n<div class=\"wp-block-columns are-vertically-aligned-bottom is-layout-flex wp-container-core-columns-is-layout-28f84493 wp-block-columns-is-layout-flex\">\n<div class=\"wp-block-column is-vertically-aligned-bottom is-layout-flow wp-block-column-is-layout-flow\" style=\"border-style:none;border-width:0px;flex-basis:66.66%\">\n<p style=\"font-size:8px\"><strong>Informations l\u00e9gales :<\/strong><\/p>\n\n\n\n<p style=\"font-size:8px\">L\u2019ensemble des \u00e9l\u00e9ments graphiques, images, textes, s\u00e9quences anim\u00e9es, sonores ou non, logos, qui y sont repr\u00e9sent\u00e9s sont prot\u00e9g\u00e9s par les lois sur la propri\u00e9t\u00e9 intellectuelle et sont, selon les cas, propri\u00e9t\u00e9 de Aur\u00e9lie Vannier, de ses partenaires ou de ses clients. \u00c0 ce titre, tout t\u00e9l\u00e9chargement, toute reproduction, repr\u00e9sentation, adaptation, traduction, et\/ou transformation, partielle ou int\u00e9grale, ou transfert sur un autre site ou sur quelque autre support sont strictement interdits.<br><br>Sauf dans le cas d\u2019un usage personnel ou d\u2019un blog, sous r\u00e9serve d\u2019indication de la source et du nom de l\u2019auteur.<br><br>Les diff\u00e9rents concepts des projets mis en ligne sur ce site sont des mod\u00e8les prot\u00e9g\u00e9s et ne sont pas libres de droits. Ils sont \u00e9galement prot\u00e9g\u00e9s par le Code de la Propri\u00e9t\u00e9 Intellectuelle : article L122-5 \u2013 Droit de citation partielle, sous r\u00e9serve d\u2019indication de la source et du nom de l\u2019auteur. Merci de me contacter pour toute demande d\u2019exploitation.<\/p>\n<\/div>\n\n\n\n<div class=\"wp-block-column is-vertically-aligned-bottom is-layout-flow wp-block-column-is-layout-flow\" style=\"flex-basis:33.33%\"><\/div>\n<\/div>\n\n\n\n<div class=\"wp-block-columns are-vertically-aligned-center is-layout-flex wp-container-core-columns-is-layout-28f84493 wp-block-columns-is-layout-flex\">\n<div class=\"wp-block-column is-vertically-aligned-center is-layout-flow wp-block-column-is-layout-flow\" style=\"flex-basis:100%\">\n<iframe \nsrc=\"https:\/\/editor.p5js.org\/orelivannier\/full\/gMIuh4v6c\">\n  width=\u00a0\u00bb1800&Prime;\n  height=\u00a0\u00bb1000&Prime;\n  style=\u00a0\u00bbborder:none;\u00a0\u00bb>\n<\/iframe>\n<\/div>\n<\/div>\n\n\n\n<div class=\"wp-block-columns is-layout-flex wp-container-core-columns-is-layout-28f84493 wp-block-columns-is-layout-flex\">\n<div class=\"wp-block-column is-layout-flow wp-block-column-is-layout-flow\" style=\"flex-basis:100%\">\n<pre class=\"wp-block-code\"><code>\n<\/code><\/pre>\n<\/div>\n<\/div>\n","protected":false},"excerpt":{"rendered":"<p>\u00c0 PROPOS Avec un insatiable app\u00e9tit pour l\u2019image de marque : le comestible, le textile, le design d\u2019objet, le packaging, [&hellip;]<\/p>\n","protected":false},"author":1,"featured_media":0,"parent":0,"menu_order":0,"comment_status":"closed","ping_status":"closed","template":"","meta":{"site-sidebar-layout":"default","site-content-layout":"","ast-site-content-layout":"default","site-content-style":"default","site-sidebar-style":"default","ast-global-header-display":"","ast-banner-title-visibility":"","ast-main-header-display":"","ast-hfb-above-header-display":"","ast-hfb-below-header-display":"","ast-hfb-mobile-header-display":"","site-post-title":"disabled","ast-breadcrumbs-content":"","ast-featured-img":"","footer-sml-layout":"","ast-disable-related-posts":"","theme-transparent-header-meta":"","adv-header-id-meta":"","stick-header-meta":"","header-above-stick-meta":"","header-main-stick-meta":"","header-below-stick-meta":"","astra-migrate-meta-layouts":"default","ast-page-background-enabled":"default","ast-page-background-meta":{"desktop":{"background-color":"var(--ast-global-color-4)","background-image":"","background-repeat":"repeat","background-position":"center center","background-size":"auto","background-attachment":"scroll","background-type":"","background-media":"","overlay-type":"","overlay-color":"","overlay-opacity":"","overlay-gradient":""},"tablet":{"background-color":"","background-image":"","background-repeat":"repeat","background-position":"center center","background-size":"auto","background-attachment":"scroll","background-type":"","background-media":"","overlay-type":"","overlay-color":"","overlay-opacity":"","overlay-gradient":""},"mobile":{"background-color":"","background-image":"","background-repeat":"repeat","background-position":"center center","background-size":"auto","background-attachment":"scroll","background-type":"","background-media":"","overlay-type":"","overlay-color":"","overlay-opacity":"","overlay-gradient":""}},"ast-content-background-meta":{"desktop":{"background-color":"var(--ast-global-color-5)","background-image":"","background-repeat":"repeat","background-position":"center center","background-size":"auto","background-attachment":"scroll","background-type":"","background-media":"","overlay-type":"","overlay-color":"","overlay-opacity":"","overlay-gradient":""},"tablet":{"background-color":"var(--ast-global-color-5)","background-image":"","background-repeat":"repeat","background-position":"center center","background-size":"auto","background-attachment":"scroll","background-type":"","background-media":"","overlay-type":"","overlay-color":"","overlay-opacity":"","overlay-gradient":""},"mobile":{"background-color":"var(--ast-global-color-5)","background-image":"","background-repeat":"repeat","background-position":"center center","background-size":"auto","background-attachment":"scroll","background-type":"","background-media":"","overlay-type":"","overlay-color":"","overlay-opacity":"","overlay-gradient":""}},"footnotes":""},"class_list":["post-102","page","type-page","status-publish","hentry"],"_links":{"self":[{"href":"https:\/\/goodsign.fr\/index.php\/wp-json\/wp\/v2\/pages\/102","targetHints":{"allow":["GET"]}}],"collection":[{"href":"https:\/\/goodsign.fr\/index.php\/wp-json\/wp\/v2\/pages"}],"about":[{"href":"https:\/\/goodsign.fr\/index.php\/wp-json\/wp\/v2\/types\/page"}],"author":[{"embeddable":true,"href":"https:\/\/goodsign.fr\/index.php\/wp-json\/wp\/v2\/users\/1"}],"replies":[{"embeddable":true,"href":"https:\/\/goodsign.fr\/index.php\/wp-json\/wp\/v2\/comments?post=102"}],"version-history":[{"count":119,"href":"https:\/\/goodsign.fr\/index.php\/wp-json\/wp\/v2\/pages\/102\/revisions"}],"predecessor-version":[{"id":1777,"href":"https:\/\/goodsign.fr\/index.php\/wp-json\/wp\/v2\/pages\/102\/revisions\/1777"}],"wp:attachment":[{"href":"https:\/\/goodsign.fr\/index.php\/wp-json\/wp\/v2\/media?parent=102"}],"curies":[{"name":"wp","href":"https:\/\/api.w.org\/{rel}","templated":true}]}}