{"id":496,"date":"2024-11-12T21:48:12","date_gmt":"2024-11-12T20:48:12","guid":{"rendered":"https:\/\/goodsign.fr\/?page_id=496"},"modified":"2024-11-13T19:04:49","modified_gmt":"2024-11-13T18:04:49","slug":"cny","status":"publish","type":"page","link":"https:\/\/goodsign.fr\/index.php\/cny\/","title":{"rendered":"CNY"},"content":{"rendered":"\n<ul class=\"wp-block-list\">\n<li class=\"has-small-font-size\">Op\u00e9ration commerciale <strong>Oka\u00efdi-Oba\u00efbi<\/strong><\/li>\n<\/ul>\n\n\n\n<div class=\"wp-block-superb-addons-cover-image\"><div class=\"superbaddons-coverimage-block\" style=\"border-radius:0%;min-height:400px;background-image:url(http:\/\/goodsign.fr\/wp-content\/uploads\/2024\/11\/test-band-cny-scaled.jpg);background-position:48% 100%;background-size:cover;background-repeat:no-repeat\"><\/div><\/div>\n\n\n\n<div class=\"wp-block-columns is-layout-flex wp-container-core-columns-is-layout-b476445f wp-block-columns-is-layout-flex\" style=\"padding-top:14px;padding-bottom:14px\">\n<div class=\"wp-block-column is-layout-flow wp-block-column-is-layout-flow\"><\/div>\n\n\n\n<div class=\"wp-block-column is-layout-flow wp-block-column-is-layout-flow\"><\/div>\n<\/div>\n\n\n\n<p><strong>Shooting photos<\/strong><\/p>\n\n\n\n<ul class=\"wp-block-list\">\n<li class=\"has-small-font-size\"><strong>DA<\/strong> Aur\u00e9lie Vannier<\/li>\n\n\n\n<li class=\"has-small-font-size\"><strong>Photographie<\/strong> I\u00f1aki Lizarralde<\/li>\n\n\n\n<li class=\"has-small-font-size\"><strong>Stylisme <\/strong>Carine Vyfeyken<\/li>\n\n\n\n<li class=\"has-small-font-size\"><strong>Coiffure &#8211; Make up <\/strong>Vincent Demoro<\/li>\n\n\n\n<li class=\"has-small-font-size\"><strong>Shooting <\/strong>Studio Z\u00e9ro, Paris<\/li>\n\n\n\n<li class=\"has-small-font-size\"><strong>Retouche Photo<\/strong> Studio Gloss<\/li>\n<\/ul>\n\n\n\n<div class=\"wp-block-columns has-white-background-color has-background is-layout-flex wp-container-core-columns-is-layout-b99702a1 wp-block-columns-is-layout-flex\" style=\"padding-top:0px;padding-bottom:0px\">\n<div class=\"wp-block-column is-layout-flow wp-block-column-is-layout-flow\">\n<div class=\"wp-block-cb-carousel\" data-slick=\"{&quot;slidesToShow&quot;:2,&quot;slidesToScroll&quot;:1,&quot;speed&quot;:300,&quot;arrows&quot;:true,&quot;dots&quot;:false,&quot;autoplay&quot;:false,&quot;autoplaySpeed&quot;:3000,&quot;infinite&quot;:true,&quot;responsive&quot;:[{&quot;breakpoint&quot;:769,&quot;settings&quot;:{&quot;slidesToShow&quot;:2,&quot;slidesToScroll&quot;:1}}]}\">\n<div class=\"wp-block-cb-slide\">\n<figure class=\"wp-block-image size-large is-resized\"><img loading=\"lazy\" decoding=\"async\" width=\"788\" height=\"1024\" src=\"https:\/\/goodsign.fr\/wp-content\/uploads\/2024\/11\/VITRINE_OK_CNY-1-788x1024.jpg\" alt=\"\" class=\"wp-image-624\" style=\"width:516px;height:auto\" srcset=\"https:\/\/goodsign.fr\/wp-content\/uploads\/2024\/11\/VITRINE_OK_CNY-1-788x1024.jpg 788w, https:\/\/goodsign.fr\/wp-content\/uploads\/2024\/11\/VITRINE_OK_CNY-1-231x300.jpg 231w, https:\/\/goodsign.fr\/wp-content\/uploads\/2024\/11\/VITRINE_OK_CNY-1-768x998.jpg 768w, https:\/\/goodsign.fr\/wp-content\/uploads\/2024\/11\/VITRINE_OK_CNY-1-1182x1536.jpg 1182w, https:\/\/goodsign.fr\/wp-content\/uploads\/2024\/11\/VITRINE_OK_CNY-1-1575x2048.jpg 1575w, https:\/\/goodsign.fr\/wp-content\/uploads\/2024\/11\/VITRINE_OK_CNY-1-scaled.jpg 1969w\" sizes=\"auto, (max-width: 788px) 100vw, 788px\" \/><\/figure>\n<\/div>\n\n\n\n<div class=\"wp-block-cb-slide\">\n<figure class=\"wp-block-image size-large is-resized\"><img loading=\"lazy\" decoding=\"async\" width=\"788\" height=\"1024\" src=\"https:\/\/goodsign.fr\/wp-content\/uploads\/2024\/11\/VITRINE_OB_CNY-1-788x1024.jpg\" alt=\"\" class=\"wp-image-625\" style=\"width:513px;height:auto\" srcset=\"https:\/\/goodsign.fr\/wp-content\/uploads\/2024\/11\/VITRINE_OB_CNY-1-788x1024.jpg 788w, https:\/\/goodsign.fr\/wp-content\/uploads\/2024\/11\/VITRINE_OB_CNY-1-231x300.jpg 231w, https:\/\/goodsign.fr\/wp-content\/uploads\/2024\/11\/VITRINE_OB_CNY-1-768x998.jpg 768w, https:\/\/goodsign.fr\/wp-content\/uploads\/2024\/11\/VITRINE_OB_CNY-1-1182x1536.jpg 1182w, https:\/\/goodsign.fr\/wp-content\/uploads\/2024\/11\/VITRINE_OB_CNY-1-1575x2048.jpg 1575w, https:\/\/goodsign.fr\/wp-content\/uploads\/2024\/11\/VITRINE_OB_CNY-1-scaled.jpg 1969w\" sizes=\"auto, (max-width: 788px) 100vw, 788px\" \/><\/figure>\n<\/div>\n\n\n\n<div class=\"wp-block-cb-slide\">\n<figure class=\"wp-block-image size-large is-resized\"><img loading=\"lazy\" decoding=\"async\" width=\"788\" height=\"1024\" src=\"https:\/\/goodsign.fr\/wp-content\/uploads\/2024\/11\/ILV_ROBES_AP-1-788x1024.jpg\" alt=\"\" class=\"wp-image-627\" style=\"width:512px;height:auto\" srcset=\"https:\/\/goodsign.fr\/wp-content\/uploads\/2024\/11\/ILV_ROBES_AP-1-788x1024.jpg 788w, https:\/\/goodsign.fr\/wp-content\/uploads\/2024\/11\/ILV_ROBES_AP-1-231x300.jpg 231w, https:\/\/goodsign.fr\/wp-content\/uploads\/2024\/11\/ILV_ROBES_AP-1-768x998.jpg 768w, https:\/\/goodsign.fr\/wp-content\/uploads\/2024\/11\/ILV_ROBES_AP-1-1182x1536.jpg 1182w, https:\/\/goodsign.fr\/wp-content\/uploads\/2024\/11\/ILV_ROBES_AP-1-1575x2048.jpg 1575w, https:\/\/goodsign.fr\/wp-content\/uploads\/2024\/11\/ILV_ROBES_AP-1-scaled.jpg 1969w\" sizes=\"auto, (max-width: 788px) 100vw, 788px\" \/><\/figure>\n<\/div>\n\n\n\n<div class=\"wp-block-cb-slide\">\n<figure class=\"wp-block-image size-large\"><img loading=\"lazy\" decoding=\"async\" width=\"825\" height=\"1024\" src=\"https:\/\/goodsign.fr\/wp-content\/uploads\/2024\/11\/ILV_GARCONS_AP-1-825x1024.jpg\" alt=\"\" class=\"wp-image-628\" srcset=\"https:\/\/goodsign.fr\/wp-content\/uploads\/2024\/11\/ILV_GARCONS_AP-1-825x1024.jpg 825w, https:\/\/goodsign.fr\/wp-content\/uploads\/2024\/11\/ILV_GARCONS_AP-1-242x300.jpg 242w, https:\/\/goodsign.fr\/wp-content\/uploads\/2024\/11\/ILV_GARCONS_AP-1-768x953.jpg 768w, https:\/\/goodsign.fr\/wp-content\/uploads\/2024\/11\/ILV_GARCONS_AP-1-1237x1536.jpg 1237w, https:\/\/goodsign.fr\/wp-content\/uploads\/2024\/11\/ILV_GARCONS_AP-1-1650x2048.jpg 1650w, https:\/\/goodsign.fr\/wp-content\/uploads\/2024\/11\/ILV_GARCONS_AP-1.jpg 2000w\" sizes=\"auto, (max-width: 825px) 100vw, 825px\" \/><\/figure>\n<\/div>\n<\/div>\n<\/div>\n<\/div>\n\n\n\n<div class=\"wp-block-columns is-layout-flex wp-container-core-columns-is-layout-efb839ad wp-block-columns-is-layout-flex\" style=\"margin-top:0;margin-bottom:0;padding-top:0px;padding-bottom:0px\">\n<div class=\"wp-block-column is-layout-flow wp-block-column-is-layout-flow\"><\/div>\n\n\n\n<div class=\"wp-block-column is-layout-flow wp-block-column-is-layout-flow\"><\/div>\n<\/div>\n\n\n\n<hr class=\"wp-block-separator has-alpha-channel-opacity is-style-wide\"\/>\n\n\n\n<p><strong>\u00c9l\u00e9ments de campagne de communication<\/strong><\/p>\n\n\n\n<ul class=\"wp-block-list\">\n<li class=\"has-small-font-size\">Print, web, int\u00e9rieur magasins, vitines etc.<\/li>\n<\/ul>\n\n\n\n<div class=\"wp-block-columns is-layout-flex wp-container-core-columns-is-layout-28f84493 wp-block-columns-is-layout-flex\">\n<div class=\"wp-block-column is-layout-flow wp-block-column-is-layout-flow\" style=\"flex-basis:25%\"><\/div>\n\n\n\n<div class=\"wp-block-column is-layout-flow wp-block-column-is-layout-flow\" style=\"flex-basis:50%\">\n<figure class=\"wp-block-image size-full\"><img loading=\"lazy\" decoding=\"async\" width=\"920\" height=\"567\" src=\"http:\/\/goodsign.fr\/wp-content\/uploads\/2024\/11\/SACHERIE-CNY.png\" alt=\"\" class=\"wp-image-633\" srcset=\"https:\/\/goodsign.fr\/wp-content\/uploads\/2024\/11\/SACHERIE-CNY.png 920w, https:\/\/goodsign.fr\/wp-content\/uploads\/2024\/11\/SACHERIE-CNY-300x185.png 300w, https:\/\/goodsign.fr\/wp-content\/uploads\/2024\/11\/SACHERIE-CNY-768x473.png 768w\" sizes=\"auto, (max-width: 920px) 100vw, 920px\" \/><\/figure>\n<\/div>\n\n\n\n<div class=\"wp-block-column is-layout-flow wp-block-column-is-layout-flow\" style=\"flex-basis:25%\"><\/div>\n<\/div>\n\n\n\n<div class=\"wp-block-columns is-layout-flex wp-container-core-columns-is-layout-28f84493 wp-block-columns-is-layout-flex\">\n<div class=\"wp-block-column is-layout-flow wp-block-column-is-layout-flow\"><\/div>\n\n\n\n<div class=\"wp-block-column is-layout-flow wp-block-column-is-layout-flow\"><\/div>\n<\/div>\n\n\n\n<div class=\"wp-block-cb-carousel\" data-slick=\"{&quot;slidesToShow&quot;:3,&quot;slidesToScroll&quot;:1,&quot;speed&quot;:300,&quot;arrows&quot;:true,&quot;dots&quot;:true,&quot;autoplay&quot;:false,&quot;autoplaySpeed&quot;:3000,&quot;infinite&quot;:false,&quot;responsive&quot;:[{&quot;breakpoint&quot;:769,&quot;settings&quot;:{&quot;slidesToShow&quot;:1,&quot;slidesToScroll&quot;:1}}]}\">\n<div class=\"wp-block-cb-slide\">\n<figure class=\"wp-block-image size-large\"><img loading=\"lazy\" decoding=\"async\" width=\"1024\" height=\"722\" src=\"http:\/\/goodsign.fr\/wp-content\/uploads\/2024\/11\/OKA_OB_AH19_CNY_08_Page_05-1024x722.jpg\" alt=\"\" class=\"wp-image-517\" srcset=\"https:\/\/goodsign.fr\/wp-content\/uploads\/2024\/11\/OKA_OB_AH19_CNY_08_Page_05-1024x722.jpg 1024w, https:\/\/goodsign.fr\/wp-content\/uploads\/2024\/11\/OKA_OB_AH19_CNY_08_Page_05-300x212.jpg 300w, https:\/\/goodsign.fr\/wp-content\/uploads\/2024\/11\/OKA_OB_AH19_CNY_08_Page_05-768x542.jpg 768w, https:\/\/goodsign.fr\/wp-content\/uploads\/2024\/11\/OKA_OB_AH19_CNY_08_Page_05.jpg 1319w\" sizes=\"auto, (max-width: 1024px) 100vw, 1024px\" \/><\/figure>\n<\/div>\n\n\n\n<div class=\"wp-block-cb-slide\">\n<figure class=\"wp-block-image size-large\"><img loading=\"lazy\" decoding=\"async\" width=\"1024\" height=\"727\" src=\"http:\/\/goodsign.fr\/wp-content\/uploads\/2024\/11\/OKA_OB_AH19_CNY_08_Page_07-1024x727.jpg\" alt=\"\" class=\"wp-image-516\" srcset=\"https:\/\/goodsign.fr\/wp-content\/uploads\/2024\/11\/OKA_OB_AH19_CNY_08_Page_07-1024x727.jpg 1024w, https:\/\/goodsign.fr\/wp-content\/uploads\/2024\/11\/OKA_OB_AH19_CNY_08_Page_07-300x213.jpg 300w, https:\/\/goodsign.fr\/wp-content\/uploads\/2024\/11\/OKA_OB_AH19_CNY_08_Page_07-768x546.jpg 768w, https:\/\/goodsign.fr\/wp-content\/uploads\/2024\/11\/OKA_OB_AH19_CNY_08_Page_07-1536x1091.jpg 1536w, https:\/\/goodsign.fr\/wp-content\/uploads\/2024\/11\/OKA_OB_AH19_CNY_08_Page_07.jpg 1737w\" sizes=\"auto, (max-width: 1024px) 100vw, 1024px\" \/><\/figure>\n<\/div>\n\n\n\n<div class=\"wp-block-cb-slide\">\n<figure class=\"wp-block-image size-large\"><img loading=\"lazy\" decoding=\"async\" width=\"1024\" height=\"759\" src=\"http:\/\/goodsign.fr\/wp-content\/uploads\/2024\/11\/OKA_OB_AH19_CNY_08_Page_16-1024x759.jpg\" alt=\"\" class=\"wp-image-513\" srcset=\"https:\/\/goodsign.fr\/wp-content\/uploads\/2024\/11\/OKA_OB_AH19_CNY_08_Page_16-1024x759.jpg 1024w, https:\/\/goodsign.fr\/wp-content\/uploads\/2024\/11\/OKA_OB_AH19_CNY_08_Page_16-300x222.jpg 300w, https:\/\/goodsign.fr\/wp-content\/uploads\/2024\/11\/OKA_OB_AH19_CNY_08_Page_16-768x569.jpg 768w, https:\/\/goodsign.fr\/wp-content\/uploads\/2024\/11\/OKA_OB_AH19_CNY_08_Page_16.jpg 1477w\" sizes=\"auto, (max-width: 1024px) 100vw, 1024px\" \/><\/figure>\n<\/div>\n\n\n\n<div class=\"wp-block-cb-slide\">\n<figure class=\"wp-block-image size-large is-resized\"><img loading=\"lazy\" decoding=\"async\" width=\"1024\" height=\"808\" src=\"http:\/\/goodsign.fr\/wp-content\/uploads\/2024\/11\/OKA_OB_AH19_CNY_08_Page_13-1024x808.jpg\" alt=\"\" class=\"wp-image-514\" style=\"width:360px;height:auto\" srcset=\"https:\/\/goodsign.fr\/wp-content\/uploads\/2024\/11\/OKA_OB_AH19_CNY_08_Page_13-1024x808.jpg 1024w, https:\/\/goodsign.fr\/wp-content\/uploads\/2024\/11\/OKA_OB_AH19_CNY_08_Page_13-300x237.jpg 300w, https:\/\/goodsign.fr\/wp-content\/uploads\/2024\/11\/OKA_OB_AH19_CNY_08_Page_13-768x606.jpg 768w, https:\/\/goodsign.fr\/wp-content\/uploads\/2024\/11\/OKA_OB_AH19_CNY_08_Page_13.jpg 1489w\" sizes=\"auto, (max-width: 1024px) 100vw, 1024px\" \/><\/figure>\n<\/div>\n\n\n\n<div class=\"wp-block-cb-slide\">\n<figure class=\"wp-block-image size-large\"><img loading=\"lazy\" decoding=\"async\" width=\"1024\" height=\"737\" src=\"http:\/\/goodsign.fr\/wp-content\/uploads\/2024\/11\/OKA_OB_AH19_CNY_08_Page_11-1024x737.jpg\" alt=\"\" class=\"wp-image-515\" srcset=\"https:\/\/goodsign.fr\/wp-content\/uploads\/2024\/11\/OKA_OB_AH19_CNY_08_Page_11-1024x737.jpg 1024w, https:\/\/goodsign.fr\/wp-content\/uploads\/2024\/11\/OKA_OB_AH19_CNY_08_Page_11-300x216.jpg 300w, https:\/\/goodsign.fr\/wp-content\/uploads\/2024\/11\/OKA_OB_AH19_CNY_08_Page_11-768x553.jpg 768w, https:\/\/goodsign.fr\/wp-content\/uploads\/2024\/11\/OKA_OB_AH19_CNY_08_Page_11-1536x1106.jpg 1536w, https:\/\/goodsign.fr\/wp-content\/uploads\/2024\/11\/OKA_OB_AH19_CNY_08_Page_11.jpg 1715w\" sizes=\"auto, (max-width: 1024px) 100vw, 1024px\" \/><\/figure>\n<\/div>\n<\/div>\n\n\n\n<div class=\"wp-block-columns is-layout-flex wp-container-core-columns-is-layout-28f84493 wp-block-columns-is-layout-flex\">\n<div class=\"wp-block-column is-layout-flow wp-block-column-is-layout-flow\"><\/div>\n\n\n\n<div class=\"wp-block-column is-layout-flow wp-block-column-is-layout-flow\"><\/div>\n<\/div>\n\n\n\n<div class=\"wp-block-columns has-black-background-color has-background is-layout-flex wp-container-core-columns-is-layout-28f84493 wp-block-columns-is-layout-flex\">\n<div class=\"wp-block-column is-layout-flow wp-block-column-is-layout-flow\" style=\"flex-basis:66.68%\">\n<figure class=\"wp-block-image size-full is-resized\"><img loading=\"lazy\" decoding=\"async\" width=\"580\" height=\"580\" src=\"http:\/\/goodsign.fr\/wp-content\/uploads\/2024\/11\/Okaidi_obaibi_AH19-ECarte-CNY.gif\" alt=\"\" class=\"wp-image-523\" style=\"width:568px;height:auto\"\/><\/figure>\n<\/div>\n\n\n\n<div class=\"wp-block-column is-layout-flow wp-block-column-is-layout-flow\" style=\"flex-basis:33.32%\"><\/div>\n<\/div>\n","protected":false},"excerpt":{"rendered":"<p>Shooting photos \u00c9l\u00e9ments de campagne de communication<\/p>\n","protected":false},"author":1,"featured_media":0,"parent":0,"menu_order":0,"comment_status":"closed","ping_status":"closed","template":"","meta":{"site-sidebar-layout":"default","site-content-layout":"","ast-site-content-layout":"default","site-content-style":"default","site-sidebar-style":"default","ast-global-header-display":"","ast-banner-title-visibility":"","ast-main-header-display":"","ast-hfb-above-header-display":"","ast-hfb-below-header-display":"","ast-hfb-mobile-header-display":"","site-post-title":"","ast-breadcrumbs-content":"","ast-featured-img":"","footer-sml-layout":"","ast-disable-related-posts":"","theme-transparent-header-meta":"","adv-header-id-meta":"","stick-header-meta":"","header-above-stick-meta":"","header-main-stick-meta":"","header-below-stick-meta":"","astra-migrate-meta-layouts":"default","ast-page-background-enabled":"default","ast-page-background-meta":{"desktop":{"background-color":"var(--ast-global-color-4)","background-image":"","background-repeat":"repeat","background-position":"center center","background-size":"auto","background-attachment":"scroll","background-type":"","background-media":"","overlay-type":"","overlay-color":"","overlay-opacity":"","overlay-gradient":""},"tablet":{"background-color":"","background-image":"","background-repeat":"repeat","background-position":"center center","background-size":"auto","background-attachment":"scroll","background-type":"","background-media":"","overlay-type":"","overlay-color":"","overlay-opacity":"","overlay-gradient":""},"mobile":{"background-color":"","background-image":"","background-repeat":"repeat","background-position":"center center","background-size":"auto","background-attachment":"scroll","background-type":"","background-media":"","overlay-type":"","overlay-color":"","overlay-opacity":"","overlay-gradient":""}},"ast-content-background-meta":{"desktop":{"background-color":"var(--ast-global-color-5)","background-image":"","background-repeat":"repeat","background-position":"center center","background-size":"auto","background-attachment":"scroll","background-type":"","background-media":"","overlay-type":"","overlay-color":"","overlay-opacity":"","overlay-gradient":""},"tablet":{"background-color":"var(--ast-global-color-5)","background-image":"","background-repeat":"repeat","background-position":"center center","background-size":"auto","background-attachment":"scroll","background-type":"","background-media":"","overlay-type":"","overlay-color":"","overlay-opacity":"","overlay-gradient":""},"mobile":{"background-color":"var(--ast-global-color-5)","background-image":"","background-repeat":"repeat","background-position":"center center","background-size":"auto","background-attachment":"scroll","background-type":"","background-media":"","overlay-type":"","overlay-color":"","overlay-opacity":"","overlay-gradient":""}},"footnotes":""},"class_list":["post-496","page","type-page","status-publish","hentry"],"_links":{"self":[{"href":"https:\/\/goodsign.fr\/index.php\/wp-json\/wp\/v2\/pages\/496","targetHints":{"allow":["GET"]}}],"collection":[{"href":"https:\/\/goodsign.fr\/index.php\/wp-json\/wp\/v2\/pages"}],"about":[{"href":"https:\/\/goodsign.fr\/index.php\/wp-json\/wp\/v2\/types\/page"}],"author":[{"embeddable":true,"href":"https:\/\/goodsign.fr\/index.php\/wp-json\/wp\/v2\/users\/1"}],"replies":[{"embeddable":true,"href":"https:\/\/goodsign.fr\/index.php\/wp-json\/wp\/v2\/comments?post=496"}],"version-history":[{"count":33,"href":"https:\/\/goodsign.fr\/index.php\/wp-json\/wp\/v2\/pages\/496\/revisions"}],"predecessor-version":[{"id":785,"href":"https:\/\/goodsign.fr\/index.php\/wp-json\/wp\/v2\/pages\/496\/revisions\/785"}],"wp:attachment":[{"href":"https:\/\/goodsign.fr\/index.php\/wp-json\/wp\/v2\/media?parent=496"}],"curies":[{"name":"wp","href":"https:\/\/api.w.org\/{rel}","templated":true}]}}